{"id":23602,"date":"2026-04-20T13:40:35","date_gmt":"2026-04-20T12:40:35","guid":{"rendered":"https:\/\/www.egowellness.it\/?post_type=product&#038;p=23602"},"modified":"2026-04-20T15:08:10","modified_gmt":"2026-04-20T14:08:10","slug":"ego-fit-fiesta-u25","status":"publish","type":"product","link":"https:\/\/www.egowellness.it\/en\/product\/ego-fit-fiesta-u25\/","title":{"rendered":"Ego Fit Fiesta U25"},"content":{"rendered":"<p>L\u2019estate \u00e8 alle porte e questa \u00e8 la spinta decisiva che cercavi. <strong>Sei settimane di energia, ispirazione e movimento condiviso per ritrovare la forma fisica e mentale perfetta<\/strong>.<\/p>\n<p><strong>Dal 4 maggio al 13 giugno<\/strong>, l\u2019Ego Wellness Resort si trasforma nel palcoscenico di un grande festival del benessere a 360 gradi. Un mese e mezzo di vitalit\u00e0 contagiosa, dove l\u2019allenamento incontra l\u2019emozione, la community e la gioia di prendersi cura di s\u00e9, senza stress e con puro entusiasmo.<br class=\"yoast-text-mark\" \/>6 Settimane, 6 Percorsi Tematici: ogni settimana della Fit Fiesta \u00e8 un viaggio unico, ispirato a diversi profili motivazionali per garantirti un\u2019esperienza sempre nuova:<br \/>\n<strong>START &amp; SMILE<\/strong> \u2013 Il Risveglio e la libert\u00e0 di muoversi.<br class=\"yoast-text-mark\" \/><strong>BREATH &amp; MOVE<\/strong> \u2013 La Cura, la resilienza e il recupero delle energie.<br class=\"yoast-text-mark\" \/><strong>TRAIN &amp; BOOST<\/strong> \u2013 L\u2019Energia pura per chi ama performare.<br class=\"yoast-text-mark\" \/><strong>POWER &amp; BALANCE<\/strong> \u2013 Il Radicamento e la forza che nasce dalla stabilit\u00e0.<br class=\"yoast-text-mark\" \/><strong>FUSION &amp; SHINE<\/strong> \u2013 L\u2019Integrazione tra mente e corpo.<br class=\"yoast-text-mark\" \/><strong>FIT &amp; ENJOY<\/strong> \u2013 La Celebrazione del movimento come stile di vita.<\/p>\n<p data-section-id=\"1nzc7h\" data-start=\"181\" data-end=\"231\"><strong>Ego Fit Fiesta \u00e8 adatto anche ai principianti?<\/strong><\/p>\n<p data-start=\"232\" data-end=\"576\">S\u00ec, <strong data-start=\"236\" data-end=\"285\">Ego Fit Fiesta \u00e8 adatto anche ai principianti<\/strong>. Tutti i programmi e le attivit\u00e0 di allenamento sono pensati per offrire un percorso personalizzato, costruito sulle tue esigenze e sul tuo livello di preparazione. Che tu sia alle prime armi o gi\u00e0 allenato, troverai il giusto mix tra <strong data-start=\"521\" data-end=\"575\">fitness, benessere, movimento e attenzione tecnica<\/strong>.<\/p>\n<p data-section-id=\"1ov5dux\" data-start=\"578\" data-end=\"629\"><strong>Dove si svolgono le attivit\u00e0 di Ego Fit Fiesta?<\/strong><\/p>\n<p data-start=\"630\" data-end=\"956\">Le attivit\u00e0 di <strong data-start=\"645\" data-end=\"663\">Ego Fit Fiesta<\/strong> si svolgono all\u2019interno dell\u2019<strong data-start=\"693\" data-end=\"716\">Ego Wellness Resort<\/strong>, in spazi pensati per vivere il fitness a 360 gradi. Potrai allenarti nelle <strong data-start=\"793\" data-end=\"808\">sale indoor<\/strong>, in <strong data-start=\"813\" data-end=\"824\">piscina<\/strong> e negli spazi all\u2019aperto dell\u2019<strong data-start=\"855\" data-end=\"867\">Ego Park<\/strong>, una cornice verde ideale per praticare attivit\u00e0 fisica e ritrovare energia ogni giorno.<\/p>\n<p data-section-id=\"7kqnlp\" data-start=\"958\" data-end=\"1025\"><strong>Posso partecipare a Ego Fit Fiesta anche se non sono socio Ego?<\/strong><\/p>\n<p data-start=\"1026\" data-end=\"1326\">S\u00ec, <strong data-start=\"1030\" data-end=\"1089\">Ego Fit Fiesta \u00e8 aperto anche a chi non \u00e8 gi\u00e0 socio Ego<\/strong>. L\u2019iniziativa \u00e8 dedicata a tutta la cittadinanza ed \u00e8 l\u2019occasione perfetta per scoprire i programmi dell\u2019Ego Wellness Resort, provare nuove attivit\u00e0 e vivere per un mese e mezzo un\u2019esperienza orientata a <strong data-start=\"1294\" data-end=\"1325\">fitness, salute e benessere<\/strong>.<\/p>\n<p data-section-id=\"epht0x\" data-start=\"1328\" data-end=\"1389\"><strong>Quali sono gli eventi speciali inclusi in Ego Fit Fiesta?<\/strong><\/p>\n<p data-start=\"1390\" data-end=\"1580\">Oltre al programma quotidiano, partecipando a <strong data-start=\"1436\" data-end=\"1454\">Ego Fit Fiesta<\/strong> potrai accedere anche ai nostri <strong data-start=\"1487\" data-end=\"1528\">Main Events gratuiti e aperti a tutti<\/strong>, pensati per unire sport, divertimento e socialit\u00e0:<\/p>\n<ul data-start=\"1582\" data-end=\"2082\">\n<li data-section-id=\"1bpqt7v\" data-start=\"1582\" data-end=\"1676\"><strong data-start=\"1584\" data-end=\"1601\">Fit &amp; Fam Day<\/strong> (9 maggio): una mattinata di sport e picnic dedicata a genitori e figli.<\/li>\n<li data-section-id=\"1esyntu\" data-start=\"1677\" data-end=\"1767\"><strong data-start=\"1679\" data-end=\"1699\">Ego Morning Club<\/strong> (17 maggio): allenamento all\u2019alba con dj set e colazione healthy.<\/li>\n<li data-section-id=\"rngens\" data-start=\"1768\" data-end=\"1854\"><strong data-start=\"1770\" data-end=\"1791\">Ego Fitness Night<\/strong> (22 maggio): 24 ore non-stop di sport, energia e adrenalina.<\/li>\n<li data-section-id=\"gf0aac\" data-start=\"1855\" data-end=\"1970\"><strong data-start=\"1857\" data-end=\"1875\">Ego Let\u2019s Walk<\/strong> (5 giugno): passeggiata notturna immersiva con cuffie silent tra i luoghi insoliti di Lucca.<\/li>\n<li data-section-id=\"hmgk67\" data-start=\"1971\" data-end=\"2082\"><strong data-start=\"1973\" data-end=\"1996\">35\u00b0 Ego Fruit Party<\/strong> (13 giugno): il grande evento finale con musica, sfilate e buffet di frutta fresca.<\/li>\n<\/ul>\n<p><strong>Come funziona la prenotazione?<\/strong><br \/>\n\u00c8 semplicissimo. Una volta attivata la tua promozione, potrai gestire le tue presenze e prenotare il tuo posto agli eventi speciali comodamente tramite la nostra App dedicata, garantendoti sempre la massima qualit\u00e0 e il controllo costante dei nostri Coach.<\/p>\n<p>Assicurati oggi il tuo pass per la stagione del benessere. Scegli di essere protagonista della tua felicit\u00e0. Dille di s\u00ec&#8230; adesso!<\/p>\n","protected":false},"excerpt":{"rendered":"<p>Let&#8217;s go! \u00c8 tempo di Ego Fit Fiesta 2026!<\/p>\n<p>Dimentica la noia e lo stress: qui uniamo motivazione, community e fitness fatto <strong>davvero<\/strong> come si deve. Un mese e mezzo di vitalit\u00e0 contagiosa dove l&#8217;allenamento incontra il divertimento e la libert\u00e0 di prendersi cura di s\u00e9.<\/p>\n<p>Dal <strong>4 maggio al 13 giugno<\/strong>, Ego Fit Fiesta \u00e8 la tua alleata numero uno.<\/p>\n<p>Fai il tuo <strong>upgrade<\/strong>. Assicurati il tuo pass oggi&#8230; dille di s\u00ec, adesso!<\/p>\n","protected":false},"featured_media":23606,"comment_status":"open","ping_status":"closed","template":"","meta":{"_show_on_api":""},"product_brand":[],"product_cat":[76],"product_tag":[148,149,150,140,201,200,202,77,132,203],"class_list":{"0":"post-23602","1":"product","2":"type-product","3":"status-publish","4":"has-post-thumbnail","6":"product_cat-ego-shop","7":"product_tag-benessere","8":"product_tag-estate","9":"product_tag-summer","10":"product_tag-allenamento","11":"product_tag-divertimento","12":"product_tag-energia","13":"product_tag-eventi","14":"product_tag-fitness","15":"product_tag-lucca","16":"product_tag-wellness","18":"first","19":"instock","20":"purchasable","21":"product-type-simple"},"yoast_head":"<!-- This site is optimized with the Yoast SEO plugin v27.4 - https:\/\/yoast.com\/product\/yoast-seo-wordpress\/ -->\n<title>Ego Fit Fiesta U25 - Ego Wellness Resort<\/title>\n<meta name=\"robots\" content=\"index, follow, max-snippet:-1, max-image-preview:large, max-video-preview:-1\" \/>\n<link rel=\"canonical\" href=\"https:\/\/www.egowellness.it\/en\/product\/ego-fit-fiesta-u25\/\" \/>\n<meta property=\"og:locale\" content=\"en_US\" \/>\n<meta property=\"og:type\" content=\"article\" \/>\n<meta property=\"og:title\" content=\"Ego Fit Fiesta U25 - Ego Wellness Resort\" \/>\n<meta property=\"og:description\" content=\"Let&#039;s go! \u00c8 tempo di Ego Fit Fiesta 2026!  Dimentica la noia e lo stress: qui uniamo motivazione, community e fitness fatto davvero come si deve. Un mese e mezzo di vitalit\u00e0 contagiosa dove l&#039;allenamento incontra il divertimento e la libert\u00e0 di prendersi cura di s\u00e9.  Dal 4 maggio al 13 giugno, Ego Fit Fiesta \u00e8 la tua alleata numero uno.  Fai il tuo upgrade. Assicurati il tuo pass oggi... dille di s\u00ec, adesso!\" \/>\n<meta property=\"og:url\" content=\"https:\/\/www.egowellness.it\/product\/ego-fit-fiesta-u25\/\" \/>\n<meta property=\"og:site_name\" content=\"Ego Wellness Resort\" \/>\n<meta property=\"article:modified_time\" content=\"2026-04-20T14:08:10+00:00\" \/>\n<meta property=\"og:image\" content=\"https:\/\/www.egowellness.it\/wp-content\/uploads\/2026\/04\/promo-u25-ego-fit-fiesta2026-1.jpg\" \/>\n\t<meta property=\"og:image:width\" content=\"1081\" \/>\n\t<meta property=\"og:image:height\" content=\"1081\" \/>\n\t<meta property=\"og:image:type\" content=\"image\/jpeg\" \/>\n<meta name=\"twitter:card\" content=\"summary_large_image\" \/>\n<meta name=\"twitter:label1\" content=\"Est. reading time\" \/>\n\t<meta name=\"twitter:data1\" content=\"3 minutes\" \/>\n<script type=\"application\/ld+json\" class=\"yoast-schema-graph\">{\"@context\":\"https:\\\/\\\/schema.org\",\"@graph\":[{\"@type\":\"WebPage\",\"@id\":\"https:\\\/\\\/www.egowellness.it\\\/product\\\/ego-fit-fiesta-u25\\\/\",\"url\":\"https:\\\/\\\/www.egowellness.it\\\/product\\\/ego-fit-fiesta-u25\\\/\",\"name\":\"Ego Fit Fiesta U25 - Ego Wellness Resort\",\"isPartOf\":{\"@id\":\"https:\\\/\\\/www.egowellness.it\\\/#website\"},\"primaryImageOfPage\":{\"@id\":\"https:\\\/\\\/www.egowellness.it\\\/product\\\/ego-fit-fiesta-u25\\\/#primaryimage\"},\"image\":{\"@id\":\"https:\\\/\\\/www.egowellness.it\\\/product\\\/ego-fit-fiesta-u25\\\/#primaryimage\"},\"thumbnailUrl\":\"https:\\\/\\\/www.egowellness.it\\\/wp-content\\\/uploads\\\/2026\\\/04\\\/promo-u25-ego-fit-fiesta2026-1.jpg\",\"datePublished\":\"2026-04-20T12:40:35+00:00\",\"dateModified\":\"2026-04-20T14:08:10+00:00\",\"breadcrumb\":{\"@id\":\"https:\\\/\\\/www.egowellness.it\\\/product\\\/ego-fit-fiesta-u25\\\/#breadcrumb\"},\"inLanguage\":\"en-US\",\"potentialAction\":[{\"@type\":\"ReadAction\",\"target\":[\"https:\\\/\\\/www.egowellness.it\\\/product\\\/ego-fit-fiesta-u25\\\/\"]}]},{\"@type\":\"ImageObject\",\"inLanguage\":\"en-US\",\"@id\":\"https:\\\/\\\/www.egowellness.it\\\/product\\\/ego-fit-fiesta-u25\\\/#primaryimage\",\"url\":\"https:\\\/\\\/www.egowellness.it\\\/wp-content\\\/uploads\\\/2026\\\/04\\\/promo-u25-ego-fit-fiesta2026-1.jpg\",\"contentUrl\":\"https:\\\/\\\/www.egowellness.it\\\/wp-content\\\/uploads\\\/2026\\\/04\\\/promo-u25-ego-fit-fiesta2026-1.jpg\",\"width\":1081,\"height\":1081},{\"@type\":\"BreadcrumbList\",\"@id\":\"https:\\\/\\\/www.egowellness.it\\\/product\\\/ego-fit-fiesta-u25\\\/#breadcrumb\",\"itemListElement\":[{\"@type\":\"ListItem\",\"position\":1,\"name\":\"Home\",\"item\":\"https:\\\/\\\/www.egowellness.it\\\/en\\\/\"},{\"@type\":\"ListItem\",\"position\":2,\"name\":\"Shop\",\"item\":\"https:\\\/\\\/www.egowellness.it\\\/shop\\\/\"},{\"@type\":\"ListItem\",\"position\":3,\"name\":\"Ego Fit Fiesta U25\"}]},{\"@type\":\"WebSite\",\"@id\":\"https:\\\/\\\/www.egowellness.it\\\/#website\",\"url\":\"https:\\\/\\\/www.egowellness.it\\\/\",\"name\":\"Ego Wellness Resort\",\"description\":\"Centro Fitness &amp; Wellness Palestra Lucca\",\"potentialAction\":[{\"@type\":\"SearchAction\",\"target\":{\"@type\":\"EntryPoint\",\"urlTemplate\":\"https:\\\/\\\/www.egowellness.it\\\/?s={search_term_string}\"},\"query-input\":{\"@type\":\"PropertyValueSpecification\",\"valueRequired\":true,\"valueName\":\"search_term_string\"}}],\"inLanguage\":\"en-US\"}]}<\/script>\n<!-- \/ Yoast SEO plugin. -->","yoast_head_json":{"title":"Ego Fit Fiesta U25 - Ego Wellness Resort","robots":{"index":"index","follow":"follow","max-snippet":"max-snippet:-1","max-image-preview":"max-image-preview:large","max-video-preview":"max-video-preview:-1"},"canonical":"https:\/\/www.egowellness.it\/en\/product\/ego-fit-fiesta-u25\/","og_locale":"en_US","og_type":"article","og_title":"Ego Fit Fiesta U25 - Ego Wellness Resort","og_description":"Let's go! \u00c8 tempo di Ego Fit Fiesta 2026!  Dimentica la noia e lo stress: qui uniamo motivazione, community e fitness fatto davvero come si deve. Un mese e mezzo di vitalit\u00e0 contagiosa dove l'allenamento incontra il divertimento e la libert\u00e0 di prendersi cura di s\u00e9.  Dal 4 maggio al 13 giugno, Ego Fit Fiesta \u00e8 la tua alleata numero uno.  Fai il tuo upgrade. Assicurati il tuo pass oggi... dille di s\u00ec, adesso!","og_url":"https:\/\/www.egowellness.it\/product\/ego-fit-fiesta-u25\/","og_site_name":"Ego Wellness Resort","article_modified_time":"2026-04-20T14:08:10+00:00","og_image":[{"width":1081,"height":1081,"url":"https:\/\/www.egowellness.it\/wp-content\/uploads\/2026\/04\/promo-u25-ego-fit-fiesta2026-1.jpg","type":"image\/jpeg"}],"twitter_card":"summary_large_image","twitter_misc":{"Est. reading time":"3 minutes"},"schema":{"@context":"https:\/\/schema.org","@graph":[{"@type":"WebPage","@id":"https:\/\/www.egowellness.it\/product\/ego-fit-fiesta-u25\/","url":"https:\/\/www.egowellness.it\/product\/ego-fit-fiesta-u25\/","name":"Ego Fit Fiesta U25 - Ego Wellness Resort","isPartOf":{"@id":"https:\/\/www.egowellness.it\/#website"},"primaryImageOfPage":{"@id":"https:\/\/www.egowellness.it\/product\/ego-fit-fiesta-u25\/#primaryimage"},"image":{"@id":"https:\/\/www.egowellness.it\/product\/ego-fit-fiesta-u25\/#primaryimage"},"thumbnailUrl":"https:\/\/www.egowellness.it\/wp-content\/uploads\/2026\/04\/promo-u25-ego-fit-fiesta2026-1.jpg","datePublished":"2026-04-20T12:40:35+00:00","dateModified":"2026-04-20T14:08:10+00:00","breadcrumb":{"@id":"https:\/\/www.egowellness.it\/product\/ego-fit-fiesta-u25\/#breadcrumb"},"inLanguage":"en-US","potentialAction":[{"@type":"ReadAction","target":["https:\/\/www.egowellness.it\/product\/ego-fit-fiesta-u25\/"]}]},{"@type":"ImageObject","inLanguage":"en-US","@id":"https:\/\/www.egowellness.it\/product\/ego-fit-fiesta-u25\/#primaryimage","url":"https:\/\/www.egowellness.it\/wp-content\/uploads\/2026\/04\/promo-u25-ego-fit-fiesta2026-1.jpg","contentUrl":"https:\/\/www.egowellness.it\/wp-content\/uploads\/2026\/04\/promo-u25-ego-fit-fiesta2026-1.jpg","width":1081,"height":1081},{"@type":"BreadcrumbList","@id":"https:\/\/www.egowellness.it\/product\/ego-fit-fiesta-u25\/#breadcrumb","itemListElement":[{"@type":"ListItem","position":1,"name":"Home","item":"https:\/\/www.egowellness.it\/en\/"},{"@type":"ListItem","position":2,"name":"Shop","item":"https:\/\/www.egowellness.it\/shop\/"},{"@type":"ListItem","position":3,"name":"Ego Fit Fiesta U25"}]},{"@type":"WebSite","@id":"https:\/\/www.egowellness.it\/#website","url":"https:\/\/www.egowellness.it\/","name":"Ego Wellness Resort","description":"Centro Fitness &amp; Wellness Palestra Lucca","potentialAction":[{"@type":"SearchAction","target":{"@type":"EntryPoint","urlTemplate":"https:\/\/www.egowellness.it\/?s={search_term_string}"},"query-input":{"@type":"PropertyValueSpecification","valueRequired":true,"valueName":"search_term_string"}}],"inLanguage":"en-US"}]}},"_links":{"self":[{"href":"https:\/\/www.egowellness.it\/en\/wp-json\/wp\/v2\/product\/23602","targetHints":{"allow":["GET"]}}],"collection":[{"href":"https:\/\/www.egowellness.it\/en\/wp-json\/wp\/v2\/product"}],"about":[{"href":"https:\/\/www.egowellness.it\/en\/wp-json\/wp\/v2\/types\/product"}],"replies":[{"embeddable":true,"href":"https:\/\/www.egowellness.it\/en\/wp-json\/wp\/v2\/comments?post=23602"}],"wp:featuredmedia":[{"embeddable":true,"href":"https:\/\/www.egowellness.it\/en\/wp-json\/wp\/v2\/media\/23606"}],"wp:attachment":[{"href":"https:\/\/www.egowellness.it\/en\/wp-json\/wp\/v2\/media?parent=23602"}],"wp:term":[{"taxonomy":"product_brand","embeddable":true,"href":"https:\/\/www.egowellness.it\/en\/wp-json\/wp\/v2\/product_brand?post=23602"},{"taxonomy":"product_cat","embeddable":true,"href":"https:\/\/www.egowellness.it\/en\/wp-json\/wp\/v2\/product_cat?post=23602"},{"taxonomy":"product_tag","embeddable":true,"href":"https:\/\/www.egowellness.it\/en\/wp-json\/wp\/v2\/product_tag?post=23602"}],"curies":[{"name":"wp","href":"https:\/\/api.w.org\/{rel}","templated":true}]}}